{"id":574,"date":"2019-05-21T07:44:56","date_gmt":"2019-05-21T07:44:56","guid":{"rendered":"https:\/\/demo.ovatheme.com\/constrau\/?page_id=574"},"modified":"2024-07-11T18:14:48","modified_gmt":"2024-07-11T18:14:48","slug":"partner-testimonial","status":"publish","type":"page","link":"https:\/\/autronic.com.mx\/en\/partner-testimonial\/","title":{"rendered":"Partner Testimonial"},"content":{"rendered":"<div data-elementor-type=\"wp-post\" data-elementor-id=\"574\" class=\"elementor elementor-574\" data-elementor-settings=\"{&quot;ha_cmc_init_switcher&quot;:&quot;no&quot;}\" data-elementor-post-type=\"page\">\n\t\t\t\t\t\t<section class=\"elementor-section elementor-top-section elementor-element elementor-element-3caee1a elementor-section-boxed elementor-section-height-default elementor-section-height-default\" data-id=\"3caee1a\" data-element_type=\"section\" data-settings=\"{&quot;_ha_eqh_enable&quot;:false}\">\n\t\t\t\t\t\t<div class=\"elementor-container elementor-column-gap-default\">\n\t\t\t\t\t<div class=\"elementor-column elementor-col-100 elementor-top-column elementor-element elementor-element-97e6e4b\" data-id=\"97e6e4b\" data-element_type=\"column\">\n\t\t\t<div class=\"elementor-widget-wrap elementor-element-populated\">\n\t\t\t\t\t\t<div class=\"elementor-element elementor-element-33370ac elementor-widget elementor-widget-ova_heading\" data-id=\"33370ac\" data-element_type=\"widget\" data-widget_type=\"ova_heading.default\">\n\t\t\t\t<div class=\"elementor-widget-container\">\n\t\t\t\t\t<div class=\"ova-heading\">\n\t\t\t\t\t\t\t<h4 class=\"sub-title second_font\"><span><\/span>Strategic Alliances<\/h4>\n\t\t\t\t\t\t\n\t\t\t\t\t\t\t\t<\/div>\n\t\t\t\t<\/div>\n\t\t\t\t<\/div>\n\t\t\t\t<section class=\"elementor-section elementor-inner-section elementor-element elementor-element-05767a5 elementor-section-boxed elementor-section-height-default elementor-section-height-default\" data-id=\"05767a5\" data-element_type=\"section\" data-settings=\"{&quot;_ha_eqh_enable&quot;:false}\">\n\t\t\t\t\t\t<div class=\"elementor-container elementor-column-gap-default\">\n\t\t\t\t\t<div class=\"elementor-column elementor-col-50 elementor-inner-column elementor-element elementor-element-8d7c732\" data-id=\"8d7c732\" data-element_type=\"column\">\n\t\t\t<div class=\"elementor-widget-wrap elementor-element-populated\">\n\t\t\t\t\t\t<div class=\"elementor-element elementor-element-2625883 elementor-widget elementor-widget-ova_partner\" data-id=\"2625883\" data-element_type=\"widget\" data-widget_type=\"ova_partner.default\">\n\t\t\t\t<div class=\"elementor-widget-container\">\n\t\t\t\t\t<div class=\"ova-partner\">\n\t\t\t<div class=\"wp-content\">\n\t\t\t\t<div class=\"ova-media\">\n\t\t\t\t\t<div class=\"image\">\n\t\t\t\t\t\t<img decoding=\"async\" src=\"https:\/\/autronic.com.mx\/wp-content\/uploads\/2024\/03\/22.jpg\" alt=\"\">\n\t\t\t\t\t<\/div>\n\t\t\t\t<\/div>\n\t\t\t\t<div class=\"content\">\n\n\t\t\t\t\t\n\t\t\t\t\t<p class=\"title\"><a target=\"_self\" href=\"#\">ROCKWELL AUTOMATION<\/a><\/p>\n\t\t\t\t\t<p class=\"sub-title\"><\/p>\n\t\t\t\t\t<p class=\"desc\">Leading American company in industrial automation and control solutions.<\/p>\n\t\t\t\t\t<a target=\"_self\" href=\"#\" class=\"text-button\"><\/a>\n\t\t\t\t<\/div>\n\t\t\t<\/div>\n\t\t<\/div>\n\t\t\t\t<\/div>\n\t\t\t\t<\/div>\n\t\t\t\t<div class=\"elementor-element elementor-element-5dfc48d elementor-widget elementor-widget-ova_partner\" data-id=\"5dfc48d\" data-element_type=\"widget\" data-widget_type=\"ova_partner.default\">\n\t\t\t\t<div class=\"elementor-widget-container\">\n\t\t\t\t\t<div class=\"ova-partner\">\n\t\t\t<div class=\"wp-content\">\n\t\t\t\t<div class=\"ova-media\">\n\t\t\t\t\t<div class=\"image\">\n\t\t\t\t\t\t<img decoding=\"async\" src=\"https:\/\/autronic.com.mx\/wp-content\/uploads\/2024\/06\/siemens_logo_icon_168830.png\" alt=\"\">\n\t\t\t\t\t<\/div>\n\t\t\t\t<\/div>\n\t\t\t\t<div class=\"content\">\n\n\t\t\t\t\t\n\t\t\t\t\t<p class=\"title\"><a target=\"_self\" href=\"#\">SIEMENS<\/a><\/p>\n\t\t\t\t\t<p class=\"sub-title\"><\/p>\n\t\t\t\t\t<p class=\"desc\">German corporation, prominent in industrial technology, energy and infrastructure services.<\/p>\n\t\t\t\t\t<a target=\"_self\" href=\"#\" class=\"text-button\"><\/a>\n\t\t\t\t<\/div>\n\t\t\t<\/div>\n\t\t<\/div>\n\t\t\t\t<\/div>\n\t\t\t\t<\/div>\n\t\t\t\t<div class=\"elementor-element elementor-element-ae68184 elementor-widget elementor-widget-ova_partner\" data-id=\"ae68184\" data-element_type=\"widget\" data-widget_type=\"ova_partner.default\">\n\t\t\t\t<div class=\"elementor-widget-container\">\n\t\t\t\t\t<div class=\"ova-partner\">\n\t\t\t<div class=\"wp-content\">\n\t\t\t\t<div class=\"ova-media\">\n\t\t\t\t\t<div class=\"image\">\n\t\t\t\t\t\t<img decoding=\"async\" src=\"https:\/\/autronic.com.mx\/wp-content\/uploads\/2024\/06\/abb.png\" alt=\"\">\n\t\t\t\t\t<\/div>\n\t\t\t\t<\/div>\n\t\t\t\t<div class=\"content\">\n\n\t\t\t\t\t\n\t\t\t\t\t<p class=\"title\"><a target=\"_self\" href=\"#\">ABB<\/a><\/p>\n\t\t\t\t\t<p class=\"sub-title\"><\/p>\n\t\t\t\t\t<p class=\"desc\">Swiss company specialized in electrification, automation and robotics technology.<\/p>\n\t\t\t\t\t<a target=\"_self\" href=\"#\" class=\"text-button\"><\/a>\n\t\t\t\t<\/div>\n\t\t\t<\/div>\n\t\t<\/div>\n\t\t\t\t<\/div>\n\t\t\t\t<\/div>\n\t\t\t\t<div class=\"elementor-element elementor-element-d717e6e elementor-widget elementor-widget-ova_partner\" data-id=\"d717e6e\" data-element_type=\"widget\" data-widget_type=\"ova_partner.default\">\n\t\t\t\t<div class=\"elementor-widget-container\">\n\t\t\t\t\t<div class=\"ova-partner\">\n\t\t\t<div class=\"wp-content\">\n\t\t\t\t<div class=\"ova-media\">\n\t\t\t\t\t<div class=\"image\">\n\t\t\t\t\t\t<img decoding=\"async\" src=\"https:\/\/autronic.com.mx\/wp-content\/uploads\/2024\/03\/88.png\" alt=\"\">\n\t\t\t\t\t<\/div>\n\t\t\t\t<\/div>\n\t\t\t\t<div class=\"content\">\n\n\t\t\t\t\t\n\t\t\t\t\t<p class=\"title\"><a target=\"_self\" href=\"#\">EDEMTEC<\/a><\/p>\n\t\t\t\t\t<p class=\"sub-title\"><\/p>\n\t\t\t\t\t<p class=\"desc\">Efficient integration of transmission lines and electrical substations, connecting power plants with load centers and end users.<\/p>\n\t\t\t\t\t<a target=\"_self\" href=\"#\" class=\"text-button\"><\/a>\n\t\t\t\t<\/div>\n\t\t\t<\/div>\n\t\t<\/div>\n\t\t\t\t<\/div>\n\t\t\t\t<\/div>\n\t\t\t\t\t<\/div>\n\t\t<\/div>\n\t\t\t\t<div class=\"elementor-column elementor-col-50 elementor-inner-column elementor-element elementor-element-2851774\" data-id=\"2851774\" data-element_type=\"column\">\n\t\t\t<div class=\"elementor-widget-wrap elementor-element-populated\">\n\t\t\t\t\t\t<div class=\"elementor-element elementor-element-4f9f491 elementor-widget elementor-widget-ova_partner\" data-id=\"4f9f491\" data-element_type=\"widget\" data-widget_type=\"ova_partner.default\">\n\t\t\t\t<div class=\"elementor-widget-container\">\n\t\t\t\t\t<div class=\"ova-partner\">\n\t\t\t<div class=\"wp-content\">\n\t\t\t\t<div class=\"ova-media\">\n\t\t\t\t\t<div class=\"image\">\n\t\t\t\t\t\t<img decoding=\"async\" src=\"https:\/\/autronic.com.mx\/wp-content\/uploads\/2024\/03\/11.jpg\" alt=\"\">\n\t\t\t\t\t<\/div>\n\t\t\t\t<\/div>\n\t\t\t\t<div class=\"content\">\n\n\t\t\t\t\t\n\t\t\t\t\t<p class=\"title\"><a target=\"_self\" href=\"#\">FL SMIDTH<\/a><\/p>\n\t\t\t\t\t<p class=\"sub-title\"><\/p>\n\t\t\t\t\t<p class=\"desc\">Danish company, leader in engineering and equipment for the cement and mining industry.<\/p>\n\t\t\t\t\t<a target=\"_self\" href=\"#\" class=\"text-button\"><\/a>\n\t\t\t\t<\/div>\n\t\t\t<\/div>\n\t\t<\/div>\n\t\t\t\t<\/div>\n\t\t\t\t<\/div>\n\t\t\t\t<div class=\"elementor-element elementor-element-22e4a12 elementor-widget elementor-widget-ova_partner\" data-id=\"22e4a12\" data-element_type=\"widget\" data-widget_type=\"ova_partner.default\">\n\t\t\t\t<div class=\"elementor-widget-container\">\n\t\t\t\t\t<div class=\"ova-partner\">\n\t\t\t<div class=\"wp-content\">\n\t\t\t\t<div class=\"ova-media\">\n\t\t\t\t\t<div class=\"image\">\n\t\t\t\t\t\t<img decoding=\"async\" src=\"https:\/\/autronic.com.mx\/wp-content\/uploads\/2024\/03\/55.png\" alt=\"\">\n\t\t\t\t\t<\/div>\n\t\t\t\t<\/div>\n\t\t\t\t<div class=\"content\">\n\n\t\t\t\t\t\n\t\t\t\t\t<p class=\"title\"><a target=\"_self\" href=\"#\">EATON<\/a><\/p>\n\t\t\t\t\t<p class=\"sub-title\"><\/p>\n\t\t\t\t\t<p class=\"desc\">Diversified American company, notable in energy, control and automation solutions.<\/p>\n\t\t\t\t\t<a target=\"_self\" href=\"#\" class=\"text-button\"><\/a>\n\t\t\t\t<\/div>\n\t\t\t<\/div>\n\t\t<\/div>\n\t\t\t\t<\/div>\n\t\t\t\t<\/div>\n\t\t\t\t<div class=\"elementor-element elementor-element-c0ff4a5 elementor-widget elementor-widget-ova_partner\" data-id=\"c0ff4a5\" data-element_type=\"widget\" data-widget_type=\"ova_partner.default\">\n\t\t\t\t<div class=\"elementor-widget-container\">\n\t\t\t\t\t<div class=\"ova-partner\">\n\t\t\t<div class=\"wp-content\">\n\t\t\t\t<div class=\"ova-media\">\n\t\t\t\t\t<div class=\"image\">\n\t\t\t\t\t\t<img decoding=\"async\" src=\"https:\/\/autronic.com.mx\/wp-content\/uploads\/2024\/03\/77.jpg\" alt=\"\">\n\t\t\t\t\t<\/div>\n\t\t\t\t<\/div>\n\t\t\t\t<div class=\"content\">\n\n\t\t\t\t\t\n\t\t\t\t\t<p class=\"title\"><a target=\"_self\" href=\"#\">JP CONVEYORS<\/a><\/p>\n\t\t\t\t\t<p class=\"sub-title\"><\/p>\n\t\t\t\t\t<p class=\"desc\">Manufacturer specialized in transportation and material handling systems.<\/p>\n\t\t\t\t\t<a target=\"_self\" href=\"#\" class=\"text-button\"><\/a>\n\t\t\t\t<\/div>\n\t\t\t<\/div>\n\t\t<\/div>\n\t\t\t\t<\/div>\n\t\t\t\t<\/div>\n\t\t\t\t<div class=\"elementor-element elementor-element-b0500a4 elementor-widget elementor-widget-ova_partner\" data-id=\"b0500a4\" data-element_type=\"widget\" data-widget_type=\"ova_partner.default\">\n\t\t\t\t<div class=\"elementor-widget-container\">\n\t\t\t\t\t<div class=\"ova-partner\">\n\t\t\t<div class=\"wp-content\">\n\t\t\t\t<div class=\"ova-media\">\n\t\t\t\t\t<div class=\"image\">\n\t\t\t\t\t\t<img decoding=\"async\" src=\"https:\/\/autronic.com.mx\/wp-content\/uploads\/2024\/03\/66.jpg\" alt=\"\">\n\t\t\t\t\t<\/div>\n\t\t\t\t<\/div>\n\t\t\t\t<div class=\"content\">\n\n\t\t\t\t\t\n\t\t\t\t\t<p class=\"title\"><a target=\"_self\" href=\"#\">TERMOT\u00c9CNICA COINDUSTRIAL<\/a><\/p>\n\t\t\t\t\t<p class=\"sub-title\"><\/p>\n\t\t\t\t\t<p class=\"desc\">Mechanical, electrical and instrumentation assembly and maintenance in industrial plants, along with associated civil works. <\/p>\n\t\t\t\t\t<a target=\"_self\" href=\"#\" class=\"text-button\"><\/a>\n\t\t\t\t<\/div>\n\t\t\t<\/div>\n\t\t<\/div>\n\t\t\t\t<\/div>\n\t\t\t\t<\/div>\n\t\t\t\t\t<\/div>\n\t\t<\/div>\n\t\t\t\t\t<\/div>\n\t\t<\/section>\n\t\t\t\t\t<\/div>\n\t\t<\/div>\n\t\t\t\t\t<\/div>\n\t\t<\/section>\n\t\t\t\t<section class=\"elementor-section elementor-top-section elementor-element elementor-element-ab1f1a8 elementor-hidden-desktop elementor-hidden-tablet elementor-hidden-mobile elementor-section-boxed elementor-section-height-default elementor-section-height-default\" data-id=\"ab1f1a8\" data-element_type=\"section\" data-settings=\"{&quot;background_background&quot;:&quot;classic&quot;,&quot;_ha_eqh_enable&quot;:false}\">\n\t\t\t\t\t\t<div class=\"elementor-container elementor-column-gap-default\">\n\t\t\t\t\t<div class=\"elementor-column elementor-col-100 elementor-top-column elementor-element elementor-element-cb65db7\" data-id=\"cb65db7\" data-element_type=\"column\">\n\t\t\t<div class=\"elementor-widget-wrap elementor-element-populated\">\n\t\t\t\t\t\t<div class=\"elementor-element elementor-element-46b8224 elementor-widget elementor-widget-ova_heading\" data-id=\"46b8224\" data-element_type=\"widget\" data-widget_type=\"ova_heading.default\">\n\t\t\t\t<div class=\"elementor-widget-container\">\n\t\t\t\t\t<div class=\"ova-heading\">\n\t\t\t\t\t\t\t<h4 class=\"sub-title second_font\"><span><\/span>Testimonial<\/h4>\n\t\t\t\t\t\t\n\t\t\t\t\t\t\t\t<\/div>\n\t\t\t\t<\/div>\n\t\t\t\t<\/div>\n\t\t\t\t<div class=\"elementor-element elementor-element-4370db9 elementor-widget elementor-widget-ova_testimonial\" data-id=\"4370db9\" data-element_type=\"widget\" data-settings=\"{&quot;autoplay_speed&quot;:5000,&quot;pause_on_hover&quot;:&quot;yes&quot;,&quot;infinite&quot;:&quot;yes&quot;,&quot;autoplay&quot;:&quot;yes&quot;,&quot;nav_control&quot;:&quot;yes&quot;}\" data-widget_type=\"ova_testimonial.default\">\n\t\t\t\t<div class=\"elementor-widget-container\">\n\t\t\t\t\t<section class=\"ova-testimonial active-nav\">\n\t\t\t\n\n\t\t\t\t\t\t\t<div class=\"slide-testimonials owl-carousel owl-theme version_2\" data-options=\"{&quot;slideBy&quot;:1,&quot;margin&quot;:30,&quot;autoplayHoverPause&quot;:true,&quot;loop&quot;:true,&quot;autoplay&quot;:true,&quot;autoplayTimeout&quot;:5000,&quot;smartSpeed&quot;:500,&quot;dots&quot;:false,&quot;nav&quot;:true}\">\n\t\t\t\t\t\t\t\t\t\t\t<div class=\"item\">\n\t\t\t\t\t\t\t<div class=\"client_info\">\n\n\t\t\t\t\t\t\t\t<div class=\"info\">\n\t\t\t\t\t\t\t\t\t\t\t\t\t\t\t\t\t\t\t<p class=\"testimonial\">I would say I highly recommend this to my friends, acquaintances and family members. The attitude and services are always dedicated.<\/p>\n\t\t\t\t\t\t\t\t\t\t\t\t\t\t\t\t\t\t<div class=\"star\">\n\t\t\t\t\t\t\t\t\t\t\t\t\t\t\t\t\t\t\t\t\t<i class=\"fa fa-star active\" ><\/i>\n\t\t\t\t\t\t\t\t\t\t\t\t\t\t\t\t\t\t\t\t\t<i class=\"fa fa-star active\" ><\/i>\n\t\t\t\t\t\t\t\t\t\t\t\t\t\t\t\t\t\t\t\t\t<i class=\"fa fa-star active\" ><\/i>\n\t\t\t\t\t\t\t\t\t\t\t\t\t\t\t\t\t\t\t\t\t<i class=\"fa fa-star active\" ><\/i>\n\t\t\t\t\t\t\t\t\t\t\t\t\t\t\t\t\t\t\t\t\t<i class=\"fa fa-star\" ><\/i>\n\t\t\t\t\t\t\t\t\t\t\t\t\t\t\t\t\t\t\t<\/div>\n\t\t\t\t\t\t\t\t<\/div>\n\t\t\t\t\t\t\t\t<div class=\"ova-media\">\n\t\t\t\t\t\t\t\t\t\t\t\t\t\t\t\t\t\t\t<img decoding=\"async\" class=\"client\" src=\"https:\/\/demo.ovatheme.com\/constrau\/wp-content\/uploads\/2019\/05\/testimonial_1.jpg\" alt=\"DAVID WOODS\">\n\t\t\t\t\t\t\t\t\t\t\t\t\t\t\t\t\t<\/div>\n\t\t\t\t\t\t\t\t<div class=\"title\">\n\t\t\t\t\t\t\t\t\t\t\t\t\t\t\t\t\t\t\t<span class=\"job\">Customer<\/span>\n\t\t\t\t\t\t\t\t\t\n\t\t\t\t\t\t\t\t\t\t\t\t\t\t\t\t\t\t\t<span class=\"name second_font\">DAVID WOODS<\/span>\n\t\t\t\t\t\t\t\t\t\t\t\t\t\t\t\t\t\t\n\t\t\t\t\t\t\t\t<\/div>\n\t\t\t\t\t\t\t<\/div>\n\t\t\t\t\t\t<\/div>\n\t\t\t\t\t\t\t\t\t\t\t<div class=\"item\">\n\t\t\t\t\t\t\t<div class=\"client_info\">\n\n\t\t\t\t\t\t\t\t<div class=\"info\">\n\t\t\t\t\t\t\t\t\t\t\t\t\t\t\t\t\t\t\t<p class=\"testimonial\">Their services are among the best to be honest. Making everything simple and easy, even for beginners and novices like me and my family.<\/p>\n\t\t\t\t\t\t\t\t\t\t\t\t\t\t\t\t\t\t<div class=\"star\">\n\t\t\t\t\t\t\t\t\t\t\t\t\t\t\t\t\t\t\t\t\t<i class=\"fa fa-star active\" ><\/i>\n\t\t\t\t\t\t\t\t\t\t\t\t\t\t\t\t\t\t\t\t\t<i class=\"fa fa-star active\" ><\/i>\n\t\t\t\t\t\t\t\t\t\t\t\t\t\t\t\t\t\t\t\t\t<i class=\"fa fa-star active\" ><\/i>\n\t\t\t\t\t\t\t\t\t\t\t\t\t\t\t\t\t\t\t\t\t<i class=\"fa fa-star active\" ><\/i>\n\t\t\t\t\t\t\t\t\t\t\t\t\t\t\t\t\t\t\t\t\t<i class=\"fa fa-star active\" ><\/i>\n\t\t\t\t\t\t\t\t\t\t\t\t\t\t\t\t\t\t\t<\/div>\n\t\t\t\t\t\t\t\t<\/div>\n\t\t\t\t\t\t\t\t<div class=\"ova-media\">\n\t\t\t\t\t\t\t\t\t\t\t\t\t\t\t\t\t\t\t<img decoding=\"async\" class=\"client\" src=\"https:\/\/demo.ovatheme.com\/constrau\/wp-content\/uploads\/2019\/05\/testimonial_2.jpg\" alt=\"GREGORY KENNEDY\">\n\t\t\t\t\t\t\t\t\t\t\t\t\t\t\t\t\t<\/div>\n\t\t\t\t\t\t\t\t<div class=\"title\">\n\t\t\t\t\t\t\t\t\t\t\t\t\t\t\t\t\t\t\t<span class=\"job\">Employer<\/span>\n\t\t\t\t\t\t\t\t\t\n\t\t\t\t\t\t\t\t\t\t\t\t\t\t\t\t\t\t\t<span class=\"name second_font\">GREGORY KENNEDY<\/span>\n\t\t\t\t\t\t\t\t\t\t\t\t\t\t\t\t\t\t\n\t\t\t\t\t\t\t\t<\/div>\n\t\t\t\t\t\t\t<\/div>\n\t\t\t\t\t\t<\/div>\n\t\t\t\t\t\t\t\t\t\t\t<div class=\"item\">\n\t\t\t\t\t\t\t<div class=\"client_info\">\n\n\t\t\t\t\t\t\t\t<div class=\"info\">\n\t\t\t\t\t\t\t\t\t\t\t\t\t\t\t\t\t\t\t<p class=\"testimonial\">I would say I highly recommend this to my friends, acquaintances and family members. The attitude and services are always dedicated.<\/p>\n\t\t\t\t\t\t\t\t\t\t\t\t\t\t\t\t\t\t<div class=\"star\">\n\t\t\t\t\t\t\t\t\t\t\t\t\t\t\t\t\t\t\t\t\t<i class=\"fa fa-star active\" ><\/i>\n\t\t\t\t\t\t\t\t\t\t\t\t\t\t\t\t\t\t\t\t\t<i class=\"fa fa-star active\" ><\/i>\n\t\t\t\t\t\t\t\t\t\t\t\t\t\t\t\t\t\t\t\t\t<i class=\"fa fa-star active\" ><\/i>\n\t\t\t\t\t\t\t\t\t\t\t\t\t\t\t\t\t\t\t\t\t<i class=\"fa fa-star active\" ><\/i>\n\t\t\t\t\t\t\t\t\t\t\t\t\t\t\t\t\t\t\t\t\t<i class=\"fa fa-star\" ><\/i>\n\t\t\t\t\t\t\t\t\t\t\t\t\t\t\t\t\t\t\t<\/div>\n\t\t\t\t\t\t\t\t<\/div>\n\t\t\t\t\t\t\t\t<div class=\"ova-media\">\n\t\t\t\t\t\t\t\t\t\t\t\t\t\t\t\t\t\t\t<img decoding=\"async\" class=\"client\" src=\"https:\/\/demo.ovatheme.com\/constrau\/wp-content\/uploads\/2019\/05\/testimonial_3.jpg\" alt=\"DAVID WOODS\">\n\t\t\t\t\t\t\t\t\t\t\t\t\t\t\t\t\t<\/div>\n\t\t\t\t\t\t\t\t<div class=\"title\">\n\t\t\t\t\t\t\t\t\t\t\t\t\t\t\t\t\t\t\t<span class=\"job\">Customer<\/span>\n\t\t\t\t\t\t\t\t\t\n\t\t\t\t\t\t\t\t\t\t\t\t\t\t\t\t\t\t\t<span class=\"name second_font\">DAVID WOODS<\/span>\n\t\t\t\t\t\t\t\t\t\t\t\t\t\t\t\t\t\t\n\t\t\t\t\t\t\t\t<\/div>\n\t\t\t\t\t\t\t<\/div>\n\t\t\t\t\t\t<\/div>\n\t\t\t\t\t\t\t\t\t\t\t<div class=\"item\">\n\t\t\t\t\t\t\t<div class=\"client_info\">\n\n\t\t\t\t\t\t\t\t<div class=\"info\">\n\t\t\t\t\t\t\t\t\t\t\t\t\t\t\t\t\t\t\t<p class=\"testimonial\">Their services are among the best to be honest. Making everything simple and easy, even for beginners and novices like me and my family.<\/p>\n\t\t\t\t\t\t\t\t\t\t\t\t\t\t\t\t\t\t<div class=\"star\">\n\t\t\t\t\t\t\t\t\t\t\t\t\t\t\t\t\t\t\t\t\t<i class=\"fa fa-star active\" ><\/i>\n\t\t\t\t\t\t\t\t\t\t\t\t\t\t\t\t\t\t\t\t\t<i class=\"fa fa-star active\" ><\/i>\n\t\t\t\t\t\t\t\t\t\t\t\t\t\t\t\t\t\t\t\t\t<i class=\"fa fa-star active\" ><\/i>\n\t\t\t\t\t\t\t\t\t\t\t\t\t\t\t\t\t\t\t\t\t<i class=\"fa fa-star active\" ><\/i>\n\t\t\t\t\t\t\t\t\t\t\t\t\t\t\t\t\t\t\t\t\t<i class=\"fa fa-star active\" ><\/i>\n\t\t\t\t\t\t\t\t\t\t\t\t\t\t\t\t\t\t\t<\/div>\n\t\t\t\t\t\t\t\t<\/div>\n\t\t\t\t\t\t\t\t<div class=\"ova-media\">\n\t\t\t\t\t\t\t\t\t\t\t\t\t\t\t\t\t\t\t<img decoding=\"async\" class=\"client\" src=\"https:\/\/demo.ovatheme.com\/constrau\/wp-content\/uploads\/2019\/05\/testimonial_2.jpg\" alt=\"GREGORY KENNEDY\">\n\t\t\t\t\t\t\t\t\t\t\t\t\t\t\t\t\t<\/div>\n\t\t\t\t\t\t\t\t<div class=\"title\">\n\t\t\t\t\t\t\t\t\t\t\t\t\t\t\t\t\t\t\t<span class=\"job\">Employer<\/span>\n\t\t\t\t\t\t\t\t\t\n\t\t\t\t\t\t\t\t\t\t\t\t\t\t\t\t\t\t\t<span class=\"name second_font\">GREGORY KENNEDY<\/span>\n\t\t\t\t\t\t\t\t\t\t\t\t\t\t\t\t\t\t\n\t\t\t\t\t\t\t\t<\/div>\n\t\t\t\t\t\t\t<\/div>\n\t\t\t\t\t\t<\/div>\n\t\t\t\t\t\t\t\t\t<\/div>\n\t\t\t\n\n\t\t\t\n\t\t<\/section>\n\t\t\t\t<\/div>\n\t\t\t\t<\/div>\n\t\t\t\t\t<\/div>\n\t\t<\/div>\n\t\t\t\t\t<\/div>\n\t\t<\/section>\n\t\t\t\t<section class=\"elementor-section elementor-top-section elementor-element elementor-element-a89c928 elementor-section-full_width elementor-hidden-desktop elementor-hidden-tablet elementor-hidden-mobile elementor-section-height-default elementor-section-height-default\" data-id=\"a89c928\" data-element_type=\"section\" data-settings=\"{&quot;_ha_eqh_enable&quot;:false}\">\n\t\t\t\t\t\t<div class=\"elementor-container elementor-column-gap-default\">\n\t\t\t\t\t<div class=\"elementor-column elementor-col-100 elementor-top-column elementor-element elementor-element-cee361e\" data-id=\"cee361e\" data-element_type=\"column\">\n\t\t\t<div class=\"elementor-widget-wrap elementor-element-populated\">\n\t\t\t\t\t\t<div class=\"elementor-element elementor-element-397ffcb elementor-widget elementor-widget-ova_contact_v2\" data-id=\"397ffcb\" data-element_type=\"widget\" data-widget_type=\"ova_contact_v2.default\">\n\t\t\t\t<div class=\"elementor-widget-container\">\n\t\t\t\t\n\t\t<div class=\"ova-contact-v-2\">\n\t\t\t<div class=\"container\">\n\t\t\t\t<div class=\"wp-content\">\n\t\t\t\t\t\t\t\t\t\t\t\t\t\t\t\t\t\t<div class=\"item\">\n\t\t\t\t\t\t\t\t<div class=\"icon\">\n\t\t\t\t\t\t\t\t\t<i class=\"contact_flaticon-036-customer-service\"><\/i>\n\t\t\t\t\t\t\t\t<\/div>\n\t\t\t\t\t\t\t\t<div class=\"content\">\n\t\t\t\t\t\t\t\t\t<a class='second_font' href='tel:(205)-509-1845'>Support: (205)-509-1845<\/a>\t\t\t\t\t\t\t\t<\/div>\n\t\t\t\t\t\t\t<\/div>\n\n\t\t\t\t\t\t\t\t\t\t\t\t\t<div class=\"item\">\n\t\t\t\t\t\t\t\t<div class=\"icon\">\n\t\t\t\t\t\t\t\t\t<i class=\"contact_flaticon-013-mail\"><\/i>\n\t\t\t\t\t\t\t\t<\/div>\n\t\t\t\t\t\t\t\t<div class=\"content\">\n\t\t\t\t\t\t\t\t\t<a class='second_font' href='mailto: info@buildcos.com'>Email: info@buildcos.com<\/a>\t\t\t\t\t\t\t\t<\/div>\n\t\t\t\t\t\t\t<\/div>\n\n\t\t\t\t\t\t\t\t\t\t\t\t\t\t\t<\/div>\n\t\t\t<\/div>\n\t\t<\/div>\n\t\t\t\t<\/div>\n\t\t\t\t<\/div>\n\t\t\t\t\t<\/div>\n\t\t<\/div>\n\t\t\t\t\t<\/div>\n\t\t<\/section>\n\t\t\t\t<\/div>","protected":false},"excerpt":{"rendered":"<p>Alianzas estrat\u00e9gicas ROCKWELL AUTOMATION Compa\u00f1\u00eda estadounidense l\u00edder en soluciones de automatizaci\u00f3n industrial y control. SIEMENS Corporaci\u00f3n alemana, destacada en tecnolog\u00eda industrial, energ\u00eda y servicios de infraestructura. ABB Empresa suiza especializada en tecnolog\u00eda de electrificaci\u00f3n, automatizaci\u00f3n y rob\u00f3tica. EDEMTEC Integraci\u00f3n eficiente de l\u00edneas de transmisi\u00f3n y subestaciones el\u00e9ctricas, conectando plantas de energ\u00eda con centros de carga [&hellip;]<\/p>","protected":false},"author":1,"featured_media":0,"parent":0,"menu_order":0,"comment_status":"closed","ping_status":"closed","template":"elementor_header_footer","meta":{"_joinchat":[],"footnotes":""},"class_list":["post-574","page","type-page","status-publish","hentry"],"_links":{"self":[{"href":"https:\/\/autronic.com.mx\/en\/wp-json\/wp\/v2\/pages\/574","targetHints":{"allow":["GET"]}}],"collection":[{"href":"https:\/\/autronic.com.mx\/en\/wp-json\/wp\/v2\/pages"}],"about":[{"href":"https:\/\/autronic.com.mx\/en\/wp-json\/wp\/v2\/types\/page"}],"author":[{"embeddable":true,"href":"https:\/\/autronic.com.mx\/en\/wp-json\/wp\/v2\/users\/1"}],"replies":[{"embeddable":true,"href":"https:\/\/autronic.com.mx\/en\/wp-json\/wp\/v2\/comments?post=574"}],"version-history":[{"count":20,"href":"https:\/\/autronic.com.mx\/en\/wp-json\/wp\/v2\/pages\/574\/revisions"}],"predecessor-version":[{"id":3654,"href":"https:\/\/autronic.com.mx\/en\/wp-json\/wp\/v2\/pages\/574\/revisions\/3654"}],"wp:attachment":[{"href":"https:\/\/autronic.com.mx\/en\/wp-json\/wp\/v2\/media?parent=574"}],"curies":[{"name":"wp","href":"https:\/\/api.w.org\/{rel}","templated":true}]}}