{"id":1339,"date":"2019-06-01T07:23:11","date_gmt":"2019-06-01T07:23:11","guid":{"rendered":"https:\/\/demo.ovatheme.com\/constrau\/?page_id=1339"},"modified":"2024-07-17T18:19:37","modified_gmt":"2024-07-17T18:19:37","slug":"services","status":"publish","type":"page","link":"https:\/\/autronic.com.mx\/en\/services\/","title":{"rendered":"Services"},"content":{"rendered":"<div data-elementor-type=\"wp-post\" data-elementor-id=\"1339\" class=\"elementor elementor-1339\" data-elementor-settings=\"{&quot;ha_cmc_init_switcher&quot;:&quot;no&quot;}\" data-elementor-post-type=\"page\">\n\t\t\t\t\t\t<section class=\"elementor-section elementor-top-section elementor-element elementor-element-f97699e elementor-section-boxed elementor-section-height-default elementor-section-height-default\" data-id=\"f97699e\" data-element_type=\"section\" data-settings=\"{&quot;_ha_eqh_enable&quot;:false}\">\n\t\t\t\t\t\t<div class=\"elementor-container elementor-column-gap-default\">\n\t\t\t\t\t<div class=\"elementor-column elementor-col-50 elementor-top-column elementor-element elementor-element-aed1579\" data-id=\"aed1579\" data-element_type=\"column\">\n\t\t\t<div class=\"elementor-widget-wrap elementor-element-populated\">\n\t\t\t\t\t\t<div class=\"elementor-element elementor-element-c2c20d3 elementor-widget elementor-widget-ova_services_image\" data-id=\"c2c20d3\" data-element_type=\"widget\" data-widget_type=\"ova_services_image.default\">\n\t\t\t\t<div class=\"elementor-widget-container\">\n\t\t\t\n\t\t<div class=\"ova_services_image\">\n\t\t\t<div class=\"type_3\">\n\t\t\t\t<div class=\"img\">\n\t\t\t\t\t<img decoding=\"async\" class=\"img_ipad\" src=\"https:\/\/autronic.com.mx\/wp-content\/uploads\/2024\/07\/auto-e1719804406136.jpg\" alt=\"img\">\n\t\t\t\t\t<img decoding=\"async\" class=\"img_mobile\" src=\"https:\/\/autronic.com.mx\/wp-content\/uploads\/2024\/07\/auto-e1719804406136.jpg\" alt=\"img\">\n\t\t\t\t<\/div>\n\t\t\t\t<div class=\"content\">\n\t\t\t\t\t<div class=\"icon\">\n\t\t\t\t\t\t<i class=\"contrc_line_flaticon-bricks-1\"><\/i>\n\t\t\t\t\t<\/div>\n\t\t\t\t\t<p class=\"title second_font\">Automation Processes<\/p>\n\t\t\t\t\t<p class=\"desc\">Automation and traceability of automotive plants at different levels<\/p>\n\t\t\t\t\t<a class=\"read_more\" href=\"\"  >\n\t\t\t\t\t\t<span><\/span>\n\t\t\t\t\t\t<i class=\"arrow_flaticon-029-right-arrow-12\"><\/i>\n\t\t\t\t\t<\/a>\n\t\t\t\t<\/div>\n\n\t\t\t<\/div>\n\t\t<\/div>\n\n\n\t\t\t\t<\/div>\n\t\t\t\t<\/div>\n\t\t\t\t\t<\/div>\n\t\t<\/div>\n\t\t\t\t<div class=\"elementor-column elementor-col-50 elementor-top-column elementor-element elementor-element-a3c1ccc\" data-id=\"a3c1ccc\" data-element_type=\"column\">\n\t\t\t<div class=\"elementor-widget-wrap elementor-element-populated\">\n\t\t\t\t\t\t<div class=\"elementor-element elementor-element-98a02c9 elementor-widget elementor-widget-ova_services_image\" data-id=\"98a02c9\" data-element_type=\"widget\" data-widget_type=\"ova_services_image.default\">\n\t\t\t\t<div class=\"elementor-widget-container\">\n\t\t\t\n\t\t<div class=\"ova_services_image\">\n\t\t\t<div class=\"type_3\">\n\t\t\t\t<div class=\"img\">\n\t\t\t\t\t<img decoding=\"async\" class=\"img_ipad\" src=\"https:\/\/autronic.com.mx\/wp-content\/uploads\/2024\/07\/Entronque_Aereo_-_Subterraneo-e1720723056447.jpg\" alt=\"img\">\n\t\t\t\t\t<img decoding=\"async\" class=\"img_mobile\" src=\"https:\/\/autronic.com.mx\/wp-content\/uploads\/2024\/07\/Entronque_Aereo_-_Subterraneo-e1720723056447.jpg\" alt=\"img\">\n\t\t\t\t<\/div>\n\t\t\t\t<div class=\"content\">\n\t\t\t\t\t<div class=\"icon\">\n\t\t\t\t\t\t<i class=\"contrc_line_flaticon-cone\"><\/i>\n\t\t\t\t\t<\/div>\n\t\t\t\t\t<p class=\"title second_font\">Integration of medium voltage equipment <\/p>\n\t\t\t\t\t<p class=\"desc\">Installation, configuration and maintenance of these systems, optimizing their performance and guaranteeing their compatibility with other existing equipment and systems.<\/p>\n\t\t\t\t\t<a class=\"read_more\" href=\"\"  >\n\t\t\t\t\t\t<span><\/span>\n\t\t\t\t\t\t<i class=\"arrow_flaticon-029-right-arrow-12\"><\/i>\n\t\t\t\t\t<\/a>\n\t\t\t\t<\/div>\n\n\t\t\t<\/div>\n\t\t<\/div>\n\n\n\t\t\t\t<\/div>\n\t\t\t\t<\/div>\n\t\t\t\t\t<\/div>\n\t\t<\/div>\n\t\t\t\t\t<\/div>\n\t\t<\/section>\n\t\t\t\t<section class=\"elementor-section elementor-top-section elementor-element elementor-element-4f1f5c6 elementor-section-boxed elementor-section-height-default elementor-section-height-default\" data-id=\"4f1f5c6\" data-element_type=\"section\" data-settings=\"{&quot;_ha_eqh_enable&quot;:false}\">\n\t\t\t\t\t\t<div class=\"elementor-container elementor-column-gap-default\">\n\t\t\t\t\t<div class=\"elementor-column elementor-col-50 elementor-top-column elementor-element elementor-element-c47af81\" data-id=\"c47af81\" data-element_type=\"column\">\n\t\t\t<div class=\"elementor-widget-wrap elementor-element-populated\">\n\t\t\t\t\t\t<div class=\"elementor-element elementor-element-4ee0578 elementor-widget elementor-widget-ova_services_image\" data-id=\"4ee0578\" data-element_type=\"widget\" data-widget_type=\"ova_services_image.default\">\n\t\t\t\t<div class=\"elementor-widget-container\">\n\t\t\t\n\t\t<div class=\"ova_services_image\">\n\t\t\t<div class=\"type_3\">\n\t\t\t\t<div class=\"img\">\n\t\t\t\t\t<img decoding=\"async\" class=\"img_ipad\" src=\"https:\/\/autronic.com.mx\/wp-content\/uploads\/2024\/07\/Tendido_electrico_340x340v2.png\" alt=\"img\">\n\t\t\t\t\t<img decoding=\"async\" class=\"img_mobile\" src=\"https:\/\/autronic.com.mx\/wp-content\/uploads\/2024\/07\/Tendido_electrico_340x340v2.png\" alt=\"img\">\n\t\t\t\t<\/div>\n\t\t\t\t<div class=\"content\">\n\t\t\t\t\t<div class=\"icon\">\n\t\t\t\t\t\t<i class=\"contrc_line_flaticon-danger\"><\/i>\n\t\t\t\t\t<\/div>\n\t\t\t\t\t<p class=\"title second_font\">Electrical grid integrations (MV &amp; LV)<\/p>\n\t\t\t\t\t<p class=\"desc\">Design, supply, assembly and commissioning of substations, as well as medium and low voltage electrical installations, we provide various solutions in the construction and engineering of your projects.<\/p>\n\t\t\t\t\t<a class=\"read_more\" href=\"\"  >\n\t\t\t\t\t\t<span><\/span>\n\t\t\t\t\t\t<i class=\"arrow_flaticon-029-right-arrow-12\"><\/i>\n\t\t\t\t\t<\/a>\n\t\t\t\t<\/div>\n\n\t\t\t<\/div>\n\t\t<\/div>\n\n\n\t\t\t\t<\/div>\n\t\t\t\t<\/div>\n\t\t\t\t\t<\/div>\n\t\t<\/div>\n\t\t\t\t<div class=\"elementor-column elementor-col-50 elementor-top-column elementor-element elementor-element-a95adc4\" data-id=\"a95adc4\" data-element_type=\"column\">\n\t\t\t<div class=\"elementor-widget-wrap elementor-element-populated\">\n\t\t\t\t\t\t<div class=\"elementor-element elementor-element-36692da elementor-widget elementor-widget-ova_services_image\" data-id=\"36692da\" data-element_type=\"widget\" data-widget_type=\"ova_services_image.default\">\n\t\t\t\t<div class=\"elementor-widget-container\">\n\t\t\t\n\t\t<div class=\"ova_services_image\">\n\t\t\t<div class=\"type_3\">\n\t\t\t\t<div class=\"img\">\n\t\t\t\t\t<img decoding=\"async\" class=\"img_ipad\" src=\"https:\/\/autronic.com.mx\/wp-content\/uploads\/2024\/07\/que-es-la-instrumentacion-industrial-e1719804450870.jpg\" alt=\"img\">\n\t\t\t\t\t<img decoding=\"async\" class=\"img_mobile\" src=\"https:\/\/autronic.com.mx\/wp-content\/uploads\/2024\/07\/que-es-la-instrumentacion-industrial-e1719804450870.jpg\" alt=\"img\">\n\t\t\t\t<\/div>\n\t\t\t\t<div class=\"content\">\n\t\t\t\t\t<div class=\"icon\">\n\t\t\t\t\t\t<i class=\"contrc_line_flaticon-wrench\"><\/i>\n\t\t\t\t\t<\/div>\n\t\t\t\t\t<p class=\"title second_font\">Instrumentation<\/p>\n\t\t\t\t\t<p class=\"desc\">Monitoring and control of industrial processes. Our team of experts is responsible for the selection, installation, calibration and maintenance of instruments, ensuring precision and reliability in the measurement of critical variables.<\/p>\n\t\t\t\t\t<a class=\"read_more\" href=\"\"  >\n\t\t\t\t\t\t<span><\/span>\n\t\t\t\t\t\t<i class=\"arrow_flaticon-029-right-arrow-12\"><\/i>\n\t\t\t\t\t<\/a>\n\t\t\t\t<\/div>\n\n\t\t\t<\/div>\n\t\t<\/div>\n\n\n\t\t\t\t<\/div>\n\t\t\t\t<\/div>\n\t\t\t\t\t<\/div>\n\t\t<\/div>\n\t\t\t\t\t<\/div>\n\t\t<\/section>\n\t\t\t\t<section class=\"elementor-section elementor-top-section elementor-element elementor-element-91f2fe4 elementor-section-boxed elementor-section-height-default elementor-section-height-default\" data-id=\"91f2fe4\" data-element_type=\"section\" data-settings=\"{&quot;_ha_eqh_enable&quot;:false}\">\n\t\t\t\t\t\t<div class=\"elementor-container elementor-column-gap-default\">\n\t\t\t\t\t<div class=\"elementor-column elementor-col-50 elementor-top-column elementor-element elementor-element-d09c959\" data-id=\"d09c959\" data-element_type=\"column\">\n\t\t\t<div class=\"elementor-widget-wrap elementor-element-populated\">\n\t\t\t\t\t\t<div class=\"elementor-element elementor-element-0976f09 elementor-widget elementor-widget-ova_services_image\" data-id=\"0976f09\" data-element_type=\"widget\" data-widget_type=\"ova_services_image.default\">\n\t\t\t\t<div class=\"elementor-widget-container\">\n\t\t\t\n\t\t<div class=\"ova_services_image\">\n\t\t\t<div class=\"type_3\">\n\t\t\t\t<div class=\"img\">\n\t\t\t\t\t<img decoding=\"async\" class=\"img_ipad\" src=\"https:\/\/autronic.com.mx\/wp-content\/uploads\/2024\/07\/professional-development-programmer-working-in-pro-2022-11-17-06-07-09-utc-lowres-e1719804463263.webp\" alt=\"img\">\n\t\t\t\t\t<img decoding=\"async\" class=\"img_mobile\" src=\"https:\/\/autronic.com.mx\/wp-content\/uploads\/2024\/07\/professional-development-programmer-working-in-pro-2022-11-17-06-07-09-utc-lowres-e1719804463263.webp\" alt=\"img\">\n\t\t\t\t<\/div>\n\t\t\t\t<div class=\"content\">\n\t\t\t\t\t<div class=\"icon\">\n\t\t\t\t\t\t<i class=\"contrc_line_flaticon-brick\"><\/i>\n\t\t\t\t\t<\/div>\n\t\t\t\t\t<p class=\"title second_font\">PROGRAMMING AND IT<\/p>\n\t\t\t\t\t<p class=\"desc\">Our commitment to technological innovation is one of Autronic's most important values. In recent years, it has led us to carry out different projects related to Industry 4.0.<\/p>\n\t\t\t\t\t<a class=\"read_more\" href=\"\"  >\n\t\t\t\t\t\t<span><\/span>\n\t\t\t\t\t\t<i class=\"arrow_flaticon-029-right-arrow-12\"><\/i>\n\t\t\t\t\t<\/a>\n\t\t\t\t<\/div>\n\n\t\t\t<\/div>\n\t\t<\/div>\n\n\n\t\t\t\t<\/div>\n\t\t\t\t<\/div>\n\t\t\t\t\t<\/div>\n\t\t<\/div>\n\t\t\t\t<div class=\"elementor-column elementor-col-50 elementor-top-column elementor-element elementor-element-ab228ae\" data-id=\"ab228ae\" data-element_type=\"column\">\n\t\t\t<div class=\"elementor-widget-wrap elementor-element-populated\">\n\t\t\t\t\t\t<div class=\"elementor-element elementor-element-70911fa elementor-widget elementor-widget-ova_services_image\" data-id=\"70911fa\" data-element_type=\"widget\" data-widget_type=\"ova_services_image.default\">\n\t\t\t\t<div class=\"elementor-widget-container\">\n\t\t\t\n\t\t<div class=\"ova_services_image\">\n\t\t\t<div class=\"type_3\">\n\t\t\t\t<div class=\"img\">\n\t\t\t\t\t<img decoding=\"async\" class=\"img_ipad\" src=\"https:\/\/autronic.com.mx\/wp-content\/uploads\/2024\/07\/pexels-mantasink-1106476-scaled-e1720723093877.jpg\" alt=\"img\">\n\t\t\t\t\t<img decoding=\"async\" class=\"img_mobile\" src=\"https:\/\/autronic.com.mx\/wp-content\/uploads\/2024\/07\/pexels-mantasink-1106476-scaled-e1720723093877.jpg\" alt=\"img\">\n\t\t\t\t<\/div>\n\t\t\t\t<div class=\"content\">\n\t\t\t\t\t<div class=\"icon\">\n\t\t\t\t\t\t<i class=\"contrc_line_flaticon-buildings\"><\/i>\n\t\t\t\t\t<\/div>\n\t\t\t\t\t<p class=\"title second_font\">Building Management System (BMS)<\/p>\n\t\t\t\t\t<p class=\"desc\">Building Management System (BMS) It is a system composed of software and hardware implemented for the supervision and control of safety-related equipment.<\/p>\n\t\t\t\t\t<a class=\"read_more\" href=\"\"  >\n\t\t\t\t\t\t<span><\/span>\n\t\t\t\t\t\t<i class=\"arrow_flaticon-029-right-arrow-12\"><\/i>\n\t\t\t\t\t<\/a>\n\t\t\t\t<\/div>\n\n\t\t\t<\/div>\n\t\t<\/div>\n\n\n\t\t\t\t<\/div>\n\t\t\t\t<\/div>\n\t\t\t\t\t<\/div>\n\t\t<\/div>\n\t\t\t\t\t<\/div>\n\t\t<\/section>\n\t\t\t\t<section class=\"elementor-section elementor-top-section elementor-element elementor-element-74e0561 elementor-section-boxed elementor-section-height-default elementor-section-height-default\" data-id=\"74e0561\" data-element_type=\"section\" data-settings=\"{&quot;background_background&quot;:&quot;classic&quot;,&quot;_ha_eqh_enable&quot;:false}\">\n\t\t\t\t\t\t<div class=\"elementor-container elementor-column-gap-default\">\n\t\t\t\t\t<div class=\"elementor-column elementor-col-66 elementor-top-column elementor-element elementor-element-bc6023e\" data-id=\"bc6023e\" data-element_type=\"column\">\n\t\t\t<div class=\"elementor-widget-wrap elementor-element-populated\">\n\t\t\t\t\t\t<div class=\"elementor-element elementor-element-b0c5c2f elementor-widget elementor-widget-ova_heading\" data-id=\"b0c5c2f\" data-element_type=\"widget\" data-widget_type=\"ova_heading.default\">\n\t\t\t\t<div class=\"elementor-widget-container\">\n\t\t\t\t\t<div class=\"ova-heading\">\n\t\t\t\t\t\t\t\t\t\t<h3 class=\"title second_font\">Dynamic and effective work team<\/h3>\n\t\t\t\n\t\t\t\t\t\t\t<div class=\"desc\"><p>Our team at Autronic is distinguished by its dynamism and effectiveness. With a combination of experience and passion for innovation, we guarantee fast and efficient solutions for each project, ensuring the satisfaction and success of our clients.<\/p><\/div>\n\t\t\t\t\t\t\t\t<\/div>\n\t\t\t\t<\/div>\n\t\t\t\t<\/div>\n\t\t\t\t\t<\/div>\n\t\t<\/div>\n\t\t\t\t<div class=\"elementor-column elementor-col-33 elementor-top-column elementor-element elementor-element-62bf0ed\" data-id=\"62bf0ed\" data-element_type=\"column\">\n\t\t\t<div class=\"elementor-widget-wrap elementor-element-populated\">\n\t\t\t\t\t\t<div class=\"elementor-element elementor-element-fa1cfc5 elementor-align-right elementor-mobile-align-center constrau-btn-color-type-2 elementor-widget elementor-widget-button\" data-id=\"fa1cfc5\" data-element_type=\"widget\" data-widget_type=\"button.default\">\n\t\t\t\t<div class=\"elementor-widget-container\">\n\t\t\t\t\t\t\t<div class=\"elementor-button-wrapper\">\n\t\t\t\t\t<a class=\"elementor-button elementor-button-link elementor-size-sm\" href=\"https:\/\/autronic.com.mx\/en\/contact-us-2\/\">\n\t\t\t\t\t\t<span class=\"elementor-button-content-wrapper\">\n\t\t\t\t\t\t\t\t\t<span class=\"elementor-button-text\">Contact<\/span>\n\t\t\t\t\t<\/span>\n\t\t\t\t\t<\/a>\n\t\t\t\t<\/div>\n\t\t\t\t\t\t<\/div>\n\t\t\t\t<\/div>\n\t\t\t\t\t<\/div>\n\t\t<\/div>\n\t\t\t\t\t<\/div>\n\t\t<\/section>\n\t\t\t\t<\/div>","protected":false},"excerpt":{"rendered":"<p>Procesos de Automotizaci\u00f3n Automatizaci\u00f3n y trazabilidad de plantas de automoci\u00f3n en sus diferentes niveles Integraci\u00f3n de equipos de media tensi\u00f3n Instalaci\u00f3n, configuraci\u00f3n y mantenimiento de estos sistemas, optimizando su rendimiento y garantizando su compatibilidad con otros equipos y sistemas existentes. Integraci\u00f3nes de redes el\u00e9ctricas (MV &amp; LV) Dise\u00f1o, suministro, montaje y puesta en marcha de [&hellip;]<\/p>","protected":false},"author":1,"featured_media":0,"parent":0,"menu_order":0,"comment_status":"closed","ping_status":"closed","template":"elementor_header_footer","meta":{"_joinchat":[],"footnotes":""},"class_list":["post-1339","page","type-page","status-publish","hentry"],"_links":{"self":[{"href":"https:\/\/autronic.com.mx\/en\/wp-json\/wp\/v2\/pages\/1339","targetHints":{"allow":["GET"]}}],"collection":[{"href":"https:\/\/autronic.com.mx\/en\/wp-json\/wp\/v2\/pages"}],"about":[{"href":"https:\/\/autronic.com.mx\/en\/wp-json\/wp\/v2\/types\/page"}],"author":[{"embeddable":true,"href":"https:\/\/autronic.com.mx\/en\/wp-json\/wp\/v2\/users\/1"}],"replies":[{"embeddable":true,"href":"https:\/\/autronic.com.mx\/en\/wp-json\/wp\/v2\/comments?post=1339"}],"version-history":[{"count":33,"href":"https:\/\/autronic.com.mx\/en\/wp-json\/wp\/v2\/pages\/1339\/revisions"}],"predecessor-version":[{"id":3781,"href":"https:\/\/autronic.com.mx\/en\/wp-json\/wp\/v2\/pages\/1339\/revisions\/3781"}],"wp:attachment":[{"href":"https:\/\/autronic.com.mx\/en\/wp-json\/wp\/v2\/media?parent=1339"}],"curies":[{"name":"wp","href":"https:\/\/api.w.org\/{rel}","templated":true}]}}